{"id":221865,"date":"2024-11-11T20:35:40","date_gmt":"2024-11-11T20:35:40","guid":{"rendered":"https:\/\/paparazzifashion.pl\/product\/kombinezon-paparazzi-fashion-7\/"},"modified":"2024-11-18T14:11:09","modified_gmt":"2024-11-18T14:11:09","slug":"kombinezon-paparazzi-fashion-7","status":"publish","type":"product","link":"https:\/\/paparazzifashion.pl\/de\/produkt\/hosen\/kombinezon-paparazzi-fashion-7\/","title":{"rendered":"Kombinezon 2688 pf \/jumpsuit"},"content":{"rendered":"<p class=\"p1\"><span class=\"s1\">1.BIUST 55- do 58 cm x2<\/span><\/p>\n<p class=\"p1\"><span class=\"s1\">2.PAS 32-do 50 cm x2 gumka<\/span><\/p>\n<p class=\"p1\"><span class=\"s1\">3.BIODRA 55- do 60 cm x2<\/span><\/p>\n<p class=\"p1\"><span class=\"s1\">5. D\u0141UGO\u015a\u0106 80 cm<\/span><\/p>\n","protected":false},"excerpt":{"rendered":"<p class=\"p1\" style=\"text-align: center;\"><span class=\"s1\">Kr\u00f3tki kombinezon w komplecie z paskiem.<\/span><\/p>\n<p class=\"p1\" style=\"text-align: center;\"><span class=\"s1\">Rozmiar uniwersalny odpowiedni dla L\/XL<\/span><\/p>\n<p class=\"p1\" style=\"text-align: center;\"><span class=\"s1\">Wymiary poznasz klikaj\u0105c na s\u0142owo \u201ewymiary\u201dpod zdj\u0119ciem.<\/span><\/p>\n<p class=\"p1\" style=\"text-align: center;\"><span class=\"s1\">Modelka w rozmiarze S o wzro\u015bcie 174 cm. Ma na sobie rozmiar uniwersalny.<\/span><\/p>\n","protected":false},"featured_media":221397,"comment_status":"open","ping_status":"closed","template":"","meta":[],"product_brand":[],"product_cat":[1692],"product_tag":[],"class_list":{"0":"post-221865","1":"product","2":"type-product","3":"status-publish","4":"has-post-thumbnail","6":"product_cat-hosen","8":"first","9":"outofstock","10":"taxable","11":"shipping-taxable","12":"product-type-variable"},"_links":{"self":[{"href":"https:\/\/paparazzifashion.pl\/de\/wp-json\/wp\/v2\/product\/221865","targetHints":{"allow":["GET"]}}],"collection":[{"href":"https:\/\/paparazzifashion.pl\/de\/wp-json\/wp\/v2\/product"}],"about":[{"href":"https:\/\/paparazzifashion.pl\/de\/wp-json\/wp\/v2\/types\/product"}],"replies":[{"embeddable":true,"href":"https:\/\/paparazzifashion.pl\/de\/wp-json\/wp\/v2\/comments?post=221865"}],"wp:featuredmedia":[{"embeddable":true,"href":"https:\/\/paparazzifashion.pl\/de\/wp-json\/wp\/v2\/media\/221397"}],"wp:attachment":[{"href":"https:\/\/paparazzifashion.pl\/de\/wp-json\/wp\/v2\/media?parent=221865"}],"wp:term":[{"taxonomy":"product_brand","embeddable":true,"href":"https:\/\/paparazzifashion.pl\/de\/wp-json\/wp\/v2\/product_brand?post=221865"},{"taxonomy":"product_cat","embeddable":true,"href":"https:\/\/paparazzifashion.pl\/de\/wp-json\/wp\/v2\/product_cat?post=221865"},{"taxonomy":"product_tag","embeddable":true,"href":"https:\/\/paparazzifashion.pl\/de\/wp-json\/wp\/v2\/product_tag?post=221865"}],"curies":[{"name":"wp","href":"https:\/\/api.w.org\/{rel}","templated":true}]}}