{"id":234335,"date":"2025-07-23T13:18:50","date_gmt":"2025-07-23T13:18:50","guid":{"rendered":"https:\/\/paparazzifashion.pl\/product\/komplet-paparazzi-fashion-2903-set-2\/"},"modified":"2025-08-13T11:10:34","modified_gmt":"2025-08-13T11:10:34","slug":"komplet-paparazzi-fashion-2903-set-2","status":"publish","type":"product","link":"https:\/\/paparazzifashion.pl\/de\/produkt\/sets\/komplet-paparazzi-fashion-2903-set-2\/","title":{"rendered":"Komplet 2895 pf\/ set\/colors"},"content":{"rendered":"<p class=\"p1\"><strong><span class=\"s1\">Bluzka<\/span><\/strong><\/p>\n<p class=\"p1\"><span class=\"s1\">1.BIUST 60 cm x2<\/span><\/p>\n<p class=\"p1\"><span class=\"s1\">2.PAS 35-do 65 cm x2<\/span><\/p>\n<p class=\"p1\"><span class=\"s1\">5. D\u0141UGO\u015a\u0106 55 cm x2<\/span><\/p>\n<p><strong>Spodnica<\/strong><\/p>\n<p class=\"p1\"><span class=\"s1\">2.PAS 40- do 55 cm x2<\/span><\/p>\n<p class=\"p1\"><span class=\"s1\">3.BIODRA 70 cm x2<\/span><\/p>\n<p class=\"p1\"><span class=\"s1\">5. D\u0141UGO\u015a\u0106 42 ty\u0142 105 cm\u00a0<\/span><\/p>\n","protected":false},"excerpt":{"rendered":"<p class=\"p1\" style=\"text-align: center;\"><span class=\"s1\">Komplet letni: bluzka i sp\u00f3dnica asymetryczna.<\/span><\/p>\n<p class=\"p1\" style=\"text-align: center;\"><span class=\"s1\">Rozmiar uniwersalny odpowiedni dla L\/XL<\/span><\/p>\n<p class=\"p1\" style=\"text-align: center;\"><span class=\"s1\">Wymiary poznasz klikaj\u0105c na s\u0142owo \u201ewymiary\u201dpod zdj\u0119ciem.<\/span><\/p>\n<p class=\"p1\" style=\"text-align: center;\"><span class=\"s1\">Modelka w rozmiarze S o wzro\u015bcie 174 cm. Ma na sobie rozmiar uniwersalny.<\/span><\/p>\n","protected":false},"featured_media":234308,"comment_status":"open","ping_status":"closed","template":"","meta":[],"product_brand":[],"product_cat":[1690],"product_tag":[],"class_list":{"0":"post-234335","1":"product","2":"type-product","3":"status-publish","4":"has-post-thumbnail","6":"product_cat-sets","8":"first","9":"outofstock","10":"taxable","11":"shipping-taxable","12":"product-type-variable"},"_links":{"self":[{"href":"https:\/\/paparazzifashion.pl\/de\/wp-json\/wp\/v2\/product\/234335","targetHints":{"allow":["GET"]}}],"collection":[{"href":"https:\/\/paparazzifashion.pl\/de\/wp-json\/wp\/v2\/product"}],"about":[{"href":"https:\/\/paparazzifashion.pl\/de\/wp-json\/wp\/v2\/types\/product"}],"replies":[{"embeddable":true,"href":"https:\/\/paparazzifashion.pl\/de\/wp-json\/wp\/v2\/comments?post=234335"}],"wp:featuredmedia":[{"embeddable":true,"href":"https:\/\/paparazzifashion.pl\/de\/wp-json\/wp\/v2\/media\/234308"}],"wp:attachment":[{"href":"https:\/\/paparazzifashion.pl\/de\/wp-json\/wp\/v2\/media?parent=234335"}],"wp:term":[{"taxonomy":"product_brand","embeddable":true,"href":"https:\/\/paparazzifashion.pl\/de\/wp-json\/wp\/v2\/product_brand?post=234335"},{"taxonomy":"product_cat","embeddable":true,"href":"https:\/\/paparazzifashion.pl\/de\/wp-json\/wp\/v2\/product_cat?post=234335"},{"taxonomy":"product_tag","embeddable":true,"href":"https:\/\/paparazzifashion.pl\/de\/wp-json\/wp\/v2\/product_tag?post=234335"}],"curies":[{"name":"wp","href":"https:\/\/api.w.org\/{rel}","templated":true}]}}