{"id":268454,"date":"2026-02-18T10:21:45","date_gmt":"2026-02-18T10:21:45","guid":{"rendered":"https:\/\/paparazzifashion.pl\/produkt\/unkategorisiert\/komplet-bawelniany-z-dzinsem-0118\/"},"modified":"2026-04-11T19:55:30","modified_gmt":"2026-04-11T19:55:30","slug":"komplet-bawelniany-z-dzinsem-0118","status":"publish","type":"product","link":"https:\/\/paparazzifashion.pl\/de\/produkt\/sets\/komplet-bawelniany-z-dzinsem-0118\/","title":{"rendered":"Komplet bawe\u0142niany z d\u017cinsem &#8211; 0118"},"content":{"rendered":"<p class=\"p1\"><strong><span class=\"s1\">Bluzka<br \/>\n<\/span><\/strong><\/p>\n<p class=\"p1\"><span class=\"s1\">1.BIUST 66 cm x 2<br \/>\n<\/span><\/p>\n<p class=\"p1\"><span class=\"s1\">2.PAS 40 do 60 cm x 2<\/span><\/p>\n<p class=\"p1\"><span class=\"s1\">5. D\u0141UGO\u015a\u0106 56 cm<br \/>\n<\/span><\/p>\n<p><strong>Spodnie<\/strong><\/p>\n<p class=\"p1\"><span class=\"s1\">2.PAS 35 do 55 cm x 2<br \/>\n<\/span><\/p>\n<p class=\"p1\"><span class=\"s1\">3.BIODRA 58 cm x 2<br \/>\n<\/span><\/p>\n<p class=\"p1\"><span class=\"s1\">5. D\u0141UGO\u015a\u0106 ca\u0142kowita 107<\/span><\/p>\n","protected":false},"excerpt":{"rendered":"<p style=\"text-align: center;\">Model z kolekcji Paparazzi Fashion.<\/p>\n<p style=\"text-align: center;\">Stylowy komplet bawe\u0142niany z modnym po\u0142\u0105czeniem materia\u0142u z elementami jeansowymi oraz ozdobami z cyrkonii.<\/p>\n<p style=\"text-align: center;\">Bluza ma lu\u017any fason i efektowne wstawki, kt\u00f3re nadaj\u0105 ca\u0142o\u015bci nowoczesnego, casualowego charakteru.<\/p>\n<p style=\"text-align: center;\">Spodnie posiadaj\u0105 wygodn\u0105 gumk\u0119 w pasie, praktyczne kieszenie oraz \u015bci\u0105gacze na dole nogawek, dzi\u0119ki czemu \u015bwietnie uk\u0142adaj\u0105 si\u0119 na sylwetce i zapewniaj\u0105 komfort noszenia.<\/p>\n<p style=\"text-align: center;\">Cyrkoniowe detale dodaj\u0105 zestawowi wyj\u0105tkowego, kobiecego wyko\u0144czenia.<\/p>\n<p class=\"p1\" style=\"text-align: center;\"><span class=\"s1\">Rozmiar uniwersalny odpowiedni dla L\/XL<\/span><\/p>\n<p class=\"p1\" style=\"text-align: center;\"><span class=\"s1\">Wymiary poznasz klikaj\u0105c na s\u0142owo \u201ewymiary\u201dpod zdj\u0119ciem.<\/span><\/p>\n<p class=\"p1\" style=\"text-align: center;\"><span class=\"s1\">Modelka w rozmiarze S o wzro\u015bcie 174 cm. Ma na sobie rozmiar uniwersalny.<\/span><\/p>\n","protected":false},"featured_media":268444,"comment_status":"open","ping_status":"closed","template":"","meta":[],"product_brand":[1767],"product_cat":[1777,1690],"product_tag":[],"class_list":{"0":"post-268454","1":"product","2":"type-product","3":"status-publish","4":"has-post-thumbnail","6":"product_brand-paparazzi-fashion","7":"product_cat-paparazzi","8":"product_cat-sets","10":"first","11":"instock","12":"taxable","13":"shipping-taxable","14":"purchasable","15":"product-type-variable"},"_links":{"self":[{"href":"https:\/\/paparazzifashion.pl\/de\/wp-json\/wp\/v2\/product\/268454","targetHints":{"allow":["GET"]}}],"collection":[{"href":"https:\/\/paparazzifashion.pl\/de\/wp-json\/wp\/v2\/product"}],"about":[{"href":"https:\/\/paparazzifashion.pl\/de\/wp-json\/wp\/v2\/types\/product"}],"replies":[{"embeddable":true,"href":"https:\/\/paparazzifashion.pl\/de\/wp-json\/wp\/v2\/comments?post=268454"}],"wp:featuredmedia":[{"embeddable":true,"href":"https:\/\/paparazzifashion.pl\/de\/wp-json\/wp\/v2\/media\/268444"}],"wp:attachment":[{"href":"https:\/\/paparazzifashion.pl\/de\/wp-json\/wp\/v2\/media?parent=268454"}],"wp:term":[{"taxonomy":"product_brand","embeddable":true,"href":"https:\/\/paparazzifashion.pl\/de\/wp-json\/wp\/v2\/product_brand?post=268454"},{"taxonomy":"product_cat","embeddable":true,"href":"https:\/\/paparazzifashion.pl\/de\/wp-json\/wp\/v2\/product_cat?post=268454"},{"taxonomy":"product_tag","embeddable":true,"href":"https:\/\/paparazzifashion.pl\/de\/wp-json\/wp\/v2\/product_tag?post=268454"}],"curies":[{"name":"wp","href":"https:\/\/api.w.org\/{rel}","templated":true}]}}