{"id":206337,"date":"2024-04-29T21:21:31","date_gmt":"2024-04-29T21:21:31","guid":{"rendered":"https:\/\/paparazzifashion.pl\/product\/kombinezon-jumpsuit-2214\/"},"modified":"2024-05-28T12:50:44","modified_gmt":"2024-05-28T12:50:44","slug":"kombinezon-jumpsuit-2214","status":"publish","type":"product","link":"https:\/\/paparazzifashion.pl\/en\/produkt\/trousers\/kombinezon-jumpsuit-2214\/","title":{"rendered":"Kombinezon \/ jumpsuit 2214"},"content":{"rendered":"<p class=\"p1\">1.BIUST 60- do 70 cm x2<\/p>\n<p class=\"p1\"><span class=\"s1\">2.PAS 38-do 70 cm x2 gumka<\/span><\/p>\n<p class=\"p1\"><span class=\"s1\">3.BIODRA 55-65 cm x2<\/span><\/p>\n<p class=\"p1\"><span class=\"s1\">5. D\u0141UGO\u015a\u0106 cm<\/span><\/p>\n<p class=\"p1\">\n","protected":false},"excerpt":{"rendered":"<p class=\"p1\" style=\"text-align: center;\"><span class=\"s1\">Kombinezon z nadrukiem. Pasek w komplecie.<\/span><\/p>\n<p class=\"p1\" style=\"text-align: center;\"><span class=\"s1\">Rozmiar uniwersalny odpowiedni dla L\/XL<\/span><\/p>\n<p class=\"p1\" style=\"text-align: center;\"><span class=\"s1\">Wymiary poznasz klikaj\u0105c na s\u0142owo \u201ewymiary\u201dpod zdj\u0119ciem.<\/span><\/p>\n<p class=\"p1\" style=\"text-align: center;\"><span class=\"s1\">Modelka w rozmiarze S o wzro\u015bcie 174 cm. Ma na sobie rozmiar uniwersalny.<\/span><\/p>\n","protected":false},"featured_media":206312,"comment_status":"open","ping_status":"closed","template":"","meta":[],"product_brand":[],"product_cat":[182],"product_tag":[],"class_list":{"0":"post-206337","1":"product","2":"type-product","3":"status-publish","4":"has-post-thumbnail","6":"product_cat-trousers","8":"first","9":"outofstock","10":"taxable","11":"shipping-taxable","12":"product-type-variable"},"_links":{"self":[{"href":"https:\/\/paparazzifashion.pl\/en\/wp-json\/wp\/v2\/product\/206337","targetHints":{"allow":["GET"]}}],"collection":[{"href":"https:\/\/paparazzifashion.pl\/en\/wp-json\/wp\/v2\/product"}],"about":[{"href":"https:\/\/paparazzifashion.pl\/en\/wp-json\/wp\/v2\/types\/product"}],"replies":[{"embeddable":true,"href":"https:\/\/paparazzifashion.pl\/en\/wp-json\/wp\/v2\/comments?post=206337"}],"wp:featuredmedia":[{"embeddable":true,"href":"https:\/\/paparazzifashion.pl\/en\/wp-json\/wp\/v2\/media\/206312"}],"wp:attachment":[{"href":"https:\/\/paparazzifashion.pl\/en\/wp-json\/wp\/v2\/media?parent=206337"}],"wp:term":[{"taxonomy":"product_brand","embeddable":true,"href":"https:\/\/paparazzifashion.pl\/en\/wp-json\/wp\/v2\/product_brand?post=206337"},{"taxonomy":"product_cat","embeddable":true,"href":"https:\/\/paparazzifashion.pl\/en\/wp-json\/wp\/v2\/product_cat?post=206337"},{"taxonomy":"product_tag","embeddable":true,"href":"https:\/\/paparazzifashion.pl\/en\/wp-json\/wp\/v2\/product_tag?post=206337"}],"curies":[{"name":"wp","href":"https:\/\/api.w.org\/{rel}","templated":true}]}}